{"id":1235,"date":"2022-10-17T19:06:43","date_gmt":"2022-10-17T19:06:43","guid":{"rendered":"https:\/\/platinumstarqa.com\/?page_id=1235"},"modified":"2022-11-07T09:43:53","modified_gmt":"2022-11-07T09:43:53","slug":"mode","status":"publish","type":"page","link":"https:\/\/platinumstarqa.com\/ar\/mode\/","title":{"rendered":"Mode"},"content":{"rendered":"\t\t<div data-elementor-type=\"wp-page\" data-elementor-id=\"1235\" class=\"elementor elementor-1235 elementor-890\">\n\t\t\t\t\t\t\t<div class=\"elementor-element elementor-element-41a1512 e-con-boxed e-con\" data-id=\"41a1512\" data-element_type=\"container\" data-settings=\"{&quot;content_width&quot;:&quot;boxed&quot;}\">\n\t\t\t\t\t<div class=\"e-con-inner\">\n\t\t<div class=\"elementor-element elementor-element-a913eb3 e-con-boxed e-con\" data-id=\"a913eb3\" data-element_type=\"container\" data-settings=\"{&quot;content_width&quot;:&quot;boxed&quot;}\">\n\t\t\t\t\t<div class=\"e-con-inner\">\n\t\t\t\t<div class=\"elementor-element elementor-element-8781cdd elementor-widget elementor-widget-image\" data-id=\"8781cdd\" data-element_type=\"widget\" data-settings=\"{&quot;ekit_we_effect_on&quot;:&quot;none&quot;}\" data-widget_type=\"image.default\">\n\t\t\t\t<div class=\"elementor-widget-container\">\n\t\t\t<style>\/*! elementor - v3.8.0 - 30-10-2022 *\/\n.elementor-widget-image{text-align:center}.elementor-widget-image a{display:inline-block}.elementor-widget-image a img[src$=\".svg\"]{width:48px}.elementor-widget-image img{vertical-align:middle;display:inline-block}<\/style>\t\t\t\t\t\t\t\t\t\t\t\t<img loading=\"lazy\" decoding=\"async\" width=\"1920\" height=\"400\" src=\"https:\/\/platinumstarqa.com\/wp-content\/uploads\/2022\/11\/Untitled-design-62.png\" class=\"attachment-full size-full\" alt=\"\" srcset=\"https:\/\/platinumstarqa.com\/wp-content\/uploads\/2022\/11\/Untitled-design-62.png 1920w, https:\/\/platinumstarqa.com\/wp-content\/uploads\/2022\/11\/Untitled-design-62-300x63.png 300w, https:\/\/platinumstarqa.com\/wp-content\/uploads\/2022\/11\/Untitled-design-62-1024x213.png 1024w, https:\/\/platinumstarqa.com\/wp-content\/uploads\/2022\/11\/Untitled-design-62-768x160.png 768w, https:\/\/platinumstarqa.com\/wp-content\/uploads\/2022\/11\/Untitled-design-62-1536x320.png 1536w, https:\/\/platinumstarqa.com\/wp-content\/uploads\/2022\/11\/Untitled-design-62-900x188.png 900w\" sizes=\"auto, (max-width: 1920px) 100vw, 1920px\" \/>\t\t\t\t\t\t\t\t\t\t\t\t\t\t\t<\/div>\n\t\t\t\t<\/div>\n\t\t\t\t\t<\/div>\n\t\t\t\t<\/div>\n\t\t<div class=\"elementor-element elementor-element-1bab80c e-con-boxed e-con\" data-id=\"1bab80c\" data-element_type=\"container\" data-settings=\"{&quot;content_width&quot;:&quot;boxed&quot;}\">\n\t\t\t\t\t<div class=\"e-con-inner\">\n\t\t<div class=\"elementor-element elementor-element-c397476 e-con-full e-con\" data-id=\"c397476\" data-element_type=\"container\" data-settings=\"{&quot;content_width&quot;:&quot;full&quot;}\">\n\t\t\t\t<div class=\"elementor-element elementor-element-07b59fb elementor-widget elementor-widget-heading\" data-id=\"07b59fb\" data-element_type=\"widget\" data-settings=\"{&quot;ekit_we_effect_on&quot;:&quot;none&quot;}\" data-widget_type=\"heading.default\">\n\t\t\t\t<div class=\"elementor-widget-container\">\n\t\t\t<style>\/*! elementor - v3.8.0 - 30-10-2022 *\/\n.elementor-heading-title{padding:0;margin:0;line-height:1}.elementor-widget-heading .elementor-heading-title[class*=elementor-size-]>a{color:inherit;font-size:inherit;line-height:inherit}.elementor-widget-heading .elementor-heading-title.elementor-size-small{font-size:15px}.elementor-widget-heading .elementor-heading-title.elementor-size-medium{font-size:19px}.elementor-widget-heading .elementor-heading-title.elementor-size-large{font-size:29px}.elementor-widget-heading .elementor-heading-title.elementor-size-xl{font-size:39px}.elementor-widget-heading .elementor-heading-title.elementor-size-xxl{font-size:59px}<\/style><h2 class=\"elementor-heading-title elementor-size-default\">Collection of the day<\/h2>\t\t<\/div>\n\t\t\t\t<\/div>\n\t\t\t\t<div class=\"elementor-element elementor-element-dd8e503 elementor-widget elementor-widget-heading\" data-id=\"dd8e503\" data-element_type=\"widget\" data-settings=\"{&quot;ekit_we_effect_on&quot;:&quot;none&quot;}\" data-widget_type=\"heading.default\">\n\t\t\t\t<div class=\"elementor-widget-container\">\n\t\t\t<h2 class=\"elementor-heading-title elementor-size-default\">Sales that open today.<\/h2>\t\t<\/div>\n\t\t\t\t<\/div>\n\t\t\t\t<\/div>\n\t\t<div class=\"elementor-element elementor-element-32b25fd e-con-full e-con\" data-id=\"32b25fd\" data-element_type=\"container\" data-settings=\"{&quot;content_width&quot;:&quot;full&quot;}\">\n\t\t\t\t<\/div>\n\t\t<div class=\"elementor-element elementor-element-f445b83 e-con-full e-con\" data-id=\"f445b83\" data-element_type=\"container\" data-settings=\"{&quot;content_width&quot;:&quot;full&quot;}\">\n\t\t\t\t<div class=\"elementor-element elementor-element-ab8866d elementor-widget elementor-widget-elementskit-image-hover-effect\" data-id=\"ab8866d\" data-element_type=\"widget\" data-settings=\"{&quot;ekit_we_effect_on&quot;:&quot;none&quot;}\" data-widget_type=\"elementskit-image-hover-effect.default\">\n\t\t\t\t<div class=\"elementor-widget-container\">\n\t\t\t<div class=\"ekit-wid-con\" >\t\t\t<div class=\"ekit_image_hover\">\n\t\t\t\t<div class=\"ekit_image_hover_filter ekit_image_zoom_in_overlay\">\n\t\t\t\t\t<div class=\"ekit_overlay_inner\"><\/div>\n\t\t\t\t\t\t\t\t\t\t<div class=\"ekit_image_caption ekit_bottom_to_top  elementor-animation-shrink\" >\n\t\t\t\t\t\t<h2 class=\"ekit_image_caption_title   \" data-settings=\"{&quot;_animation&quot;:&quot;&quot;}\">\n\t\t\t\t\t\t\tCarte Rose \u00e0 <span>COACH<\/span>\t\t\t\t\t\t<\/h2>\n\t\t\t\t\t\t<p class=\"ekit_image_caption_description   \" data-settings=\"{&quot;_animation&quot;:&quot;&quot;}\">\n\t\t\t\t\t\t\tJusqu&#039;au samedi 15 octobre 2022 07:50\t\t\t\t\t\t<\/p>\n\t\t\t\t\t\t\t\t\n\t\t\t\t\t<\/div>\t\t\t\n\t\t\t\t<\/div>\n\t\t\t\t<img loading=\"lazy\" decoding=\"async\" width=\"442\" height=\"182\" src=\"https:\/\/platinumstarqa.com\/wp-content\/uploads\/2022\/10\/2f9d6377-aa77-4e9d-94fc-d6b8718a3f0c.jpg\" class=\"attachment-full size-full\" alt=\"\" srcset=\"https:\/\/platinumstarqa.com\/wp-content\/uploads\/2022\/10\/2f9d6377-aa77-4e9d-94fc-d6b8718a3f0c.jpg 442w, https:\/\/platinumstarqa.com\/wp-content\/uploads\/2022\/10\/2f9d6377-aa77-4e9d-94fc-d6b8718a3f0c-300x124.jpg 300w, https:\/\/platinumstarqa.com\/wp-content\/uploads\/2022\/10\/2f9d6377-aa77-4e9d-94fc-d6b8718a3f0c-350x144.jpg 350w\" sizes=\"auto, (max-width: 442px) 100vw, 442px\" \/>\t\t\t<\/div>\n\t\t<\/div>\t\t<\/div>\n\t\t\t\t<\/div>\n\t\t\t\t<\/div>\n\t\t<div class=\"elementor-element elementor-element-be4217c e-con-full e-con\" data-id=\"be4217c\" data-element_type=\"container\" data-settings=\"{&quot;content_width&quot;:&quot;full&quot;}\">\n\t\t\t\t<div class=\"elementor-element elementor-element-a593496 elementor-widget elementor-widget-elementskit-image-hover-effect\" data-id=\"a593496\" data-element_type=\"widget\" data-settings=\"{&quot;ekit_we_effect_on&quot;:&quot;none&quot;}\" data-widget_type=\"elementskit-image-hover-effect.default\">\n\t\t\t\t<div class=\"elementor-widget-container\">\n\t\t\t<div class=\"ekit-wid-con\" >\t\t\t<div class=\"ekit_image_hover\">\n\t\t\t\t<div class=\"ekit_image_hover_filter ekit_image_zoom_in_overlay\">\n\t\t\t\t\t<div class=\"ekit_overlay_inner\"><\/div>\n\t\t\t\t\t\t\t\t\t\t<div class=\"ekit_image_caption ekit_bottom_to_top  elementor-animation-shrink\" >\n\t\t\t\t\t\t<h2 class=\"ekit_image_caption_title   \" data-settings=\"{&quot;_animation&quot;:&quot;&quot;}\">\n\t\t\t\t\t\t\tCarte Rose \u00e0 <span>COACH<\/span>\t\t\t\t\t\t<\/h2>\n\t\t\t\t\t\t<p class=\"ekit_image_caption_description   \" data-settings=\"{&quot;_animation&quot;:&quot;&quot;}\">\n\t\t\t\t\t\t\tJusqu&#039;au samedi 15 octobre 2022 07:50\t\t\t\t\t\t<\/p>\n\t\t\t\t\t\t\t\t\n\t\t\t\t\t<\/div>\t\t\t\n\t\t\t\t<\/div>\n\t\t\t\t<img loading=\"lazy\" decoding=\"async\" width=\"442\" height=\"182\" src=\"https:\/\/platinumstarqa.com\/wp-content\/uploads\/2022\/10\/4e4ba78e-dd2b-464b-b91f-ebe4ad48f1d9.jpg\" class=\"attachment-full size-full\" alt=\"\" srcset=\"https:\/\/platinumstarqa.com\/wp-content\/uploads\/2022\/10\/4e4ba78e-dd2b-464b-b91f-ebe4ad48f1d9.jpg 442w, https:\/\/platinumstarqa.com\/wp-content\/uploads\/2022\/10\/4e4ba78e-dd2b-464b-b91f-ebe4ad48f1d9-300x124.jpg 300w, https:\/\/platinumstarqa.com\/wp-content\/uploads\/2022\/10\/4e4ba78e-dd2b-464b-b91f-ebe4ad48f1d9-350x144.jpg 350w\" sizes=\"auto, (max-width: 442px) 100vw, 442px\" \/>\t\t\t<\/div>\n\t\t<\/div>\t\t<\/div>\n\t\t\t\t<\/div>\n\t\t\t\t<\/div>\n\t\t<div class=\"elementor-element elementor-element-5888768 e-con-full e-con\" data-id=\"5888768\" data-element_type=\"container\" data-settings=\"{&quot;content_width&quot;:&quot;full&quot;}\">\n\t\t\t\t<div class=\"elementor-element elementor-element-3076479 elementor-widget elementor-widget-elementskit-image-hover-effect\" data-id=\"3076479\" data-element_type=\"widget\" data-settings=\"{&quot;ekit_we_effect_on&quot;:&quot;none&quot;}\" data-widget_type=\"elementskit-image-hover-effect.default\">\n\t\t\t\t<div class=\"elementor-widget-container\">\n\t\t\t<div class=\"ekit-wid-con\" >\t\t\t<div class=\"ekit_image_hover\">\n\t\t\t\t<div class=\"ekit_image_hover_filter ekit_image_zoom_in_overlay\">\n\t\t\t\t\t<div class=\"ekit_overlay_inner\"><\/div>\n\t\t\t\t\t\t\t\t\t\t<div class=\"ekit_image_caption ekit_bottom_to_top  elementor-animation-shrink\" >\n\t\t\t\t\t\t<h2 class=\"ekit_image_caption_title   \" data-settings=\"{&quot;_animation&quot;:&quot;&quot;}\">\n\t\t\t\t\t\t\tCarte Rose \u00e0 <span>COACH<\/span>\t\t\t\t\t\t<\/h2>\n\t\t\t\t\t\t<p class=\"ekit_image_caption_description   \" data-settings=\"{&quot;_animation&quot;:&quot;&quot;}\">\n\t\t\t\t\t\t\tJusqu&#039;au samedi 15 octobre 2022 07:50\t\t\t\t\t\t<\/p>\n\t\t\t\t\t\t\t\t\n\t\t\t\t\t<\/div>\t\t\t\n\t\t\t\t<\/div>\n\t\t\t\t<img loading=\"lazy\" decoding=\"async\" width=\"442\" height=\"182\" src=\"https:\/\/platinumstarqa.com\/wp-content\/uploads\/2022\/10\/7fe5acff-0114-4f20-9edd-a5eba54f154e.png\" class=\"attachment-full size-full\" alt=\"\" srcset=\"https:\/\/platinumstarqa.com\/wp-content\/uploads\/2022\/10\/7fe5acff-0114-4f20-9edd-a5eba54f154e.png 442w, https:\/\/platinumstarqa.com\/wp-content\/uploads\/2022\/10\/7fe5acff-0114-4f20-9edd-a5eba54f154e-300x124.png 300w, https:\/\/platinumstarqa.com\/wp-content\/uploads\/2022\/10\/7fe5acff-0114-4f20-9edd-a5eba54f154e-350x144.png 350w\" sizes=\"auto, (max-width: 442px) 100vw, 442px\" \/>\t\t\t<\/div>\n\t\t<\/div>\t\t<\/div>\n\t\t\t\t<\/div>\n\t\t\t\t<\/div>\n\t\t<div class=\"elementor-element elementor-element-c9c1354 e-con-full e-con\" data-id=\"c9c1354\" data-element_type=\"container\" data-settings=\"{&quot;content_width&quot;:&quot;full&quot;}\">\n\t\t\t\t<div class=\"elementor-element elementor-element-fa76920 elementor-widget elementor-widget-elementskit-image-hover-effect\" data-id=\"fa76920\" data-element_type=\"widget\" data-settings=\"{&quot;ekit_we_effect_on&quot;:&quot;none&quot;}\" data-widget_type=\"elementskit-image-hover-effect.default\">\n\t\t\t\t<div class=\"elementor-widget-container\">\n\t\t\t<div class=\"ekit-wid-con\" >\t\t\t<div class=\"ekit_image_hover\">\n\t\t\t\t<div class=\"ekit_image_hover_filter ekit_image_zoom_in_overlay\">\n\t\t\t\t\t<div class=\"ekit_overlay_inner\"><\/div>\n\t\t\t\t\t\t\t\t\t\t<div class=\"ekit_image_caption ekit_bottom_to_top  elementor-animation-shrink\" >\n\t\t\t\t\t\t<h2 class=\"ekit_image_caption_title   \" data-settings=\"{&quot;_animation&quot;:&quot;&quot;}\">\n\t\t\t\t\t\t\tCarte Rose \u00e0 <span>COACH<\/span>\t\t\t\t\t\t<\/h2>\n\t\t\t\t\t\t<p class=\"ekit_image_caption_description   \" data-settings=\"{&quot;_animation&quot;:&quot;&quot;}\">\n\t\t\t\t\t\t\tJusqu&#039;au samedi 15 octobre 2022 07:50\t\t\t\t\t\t<\/p>\n\t\t\t\t\t\t\t\t\n\t\t\t\t\t<\/div>\t\t\t\n\t\t\t\t<\/div>\n\t\t\t\t<img loading=\"lazy\" decoding=\"async\" width=\"442\" height=\"182\" src=\"https:\/\/platinumstarqa.com\/wp-content\/uploads\/2022\/10\/9ade37cc-d25b-4c37-a6ce-84f3d010da65.jpg\" class=\"attachment-full size-full\" alt=\"\" srcset=\"https:\/\/platinumstarqa.com\/wp-content\/uploads\/2022\/10\/9ade37cc-d25b-4c37-a6ce-84f3d010da65.jpg 442w, https:\/\/platinumstarqa.com\/wp-content\/uploads\/2022\/10\/9ade37cc-d25b-4c37-a6ce-84f3d010da65-300x124.jpg 300w, https:\/\/platinumstarqa.com\/wp-content\/uploads\/2022\/10\/9ade37cc-d25b-4c37-a6ce-84f3d010da65-350x144.jpg 350w\" sizes=\"auto, (max-width: 442px) 100vw, 442px\" \/>\t\t\t<\/div>\n\t\t<\/div>\t\t<\/div>\n\t\t\t\t<\/div>\n\t\t\t\t<\/div>\n\t\t<div class=\"elementor-element elementor-element-598968d e-con-full e-con\" data-id=\"598968d\" data-element_type=\"container\" data-settings=\"{&quot;content_width&quot;:&quot;full&quot;}\">\n\t\t\t\t<div class=\"elementor-element elementor-element-dbbf82f elementor-widget elementor-widget-elementskit-image-hover-effect\" data-id=\"dbbf82f\" data-element_type=\"widget\" data-settings=\"{&quot;ekit_we_effect_on&quot;:&quot;none&quot;}\" data-widget_type=\"elementskit-image-hover-effect.default\">\n\t\t\t\t<div class=\"elementor-widget-container\">\n\t\t\t<div class=\"ekit-wid-con\" >\t\t\t<div class=\"ekit_image_hover\">\n\t\t\t\t<div class=\"ekit_image_hover_filter ekit_image_zoom_in_overlay\">\n\t\t\t\t\t<div class=\"ekit_overlay_inner\"><\/div>\n\t\t\t\t\t\t\t\t\t\t<div class=\"ekit_image_caption ekit_bottom_to_top  elementor-animation-shrink\" >\n\t\t\t\t\t\t<h2 class=\"ekit_image_caption_title   \" data-settings=\"{&quot;_animation&quot;:&quot;&quot;}\">\n\t\t\t\t\t\t\tCarte Rose \u00e0 <span>COACH<\/span>\t\t\t\t\t\t<\/h2>\n\t\t\t\t\t\t<p class=\"ekit_image_caption_description   \" data-settings=\"{&quot;_animation&quot;:&quot;&quot;}\">\n\t\t\t\t\t\t\tJusqu&#039;au samedi 15 octobre 2022 07:50\t\t\t\t\t\t<\/p>\n\t\t\t\t\t\t\t\t\n\t\t\t\t\t<\/div>\t\t\t\n\t\t\t\t<\/div>\n\t\t\t\t<img loading=\"lazy\" decoding=\"async\" width=\"442\" height=\"182\" src=\"https:\/\/platinumstarqa.com\/wp-content\/uploads\/2022\/10\/8d43c3b5-eafe-497f-8551-4f59a9a388a1.jpg\" class=\"attachment-full size-full\" alt=\"\" srcset=\"https:\/\/platinumstarqa.com\/wp-content\/uploads\/2022\/10\/8d43c3b5-eafe-497f-8551-4f59a9a388a1.jpg 442w, https:\/\/platinumstarqa.com\/wp-content\/uploads\/2022\/10\/8d43c3b5-eafe-497f-8551-4f59a9a388a1-300x124.jpg 300w, https:\/\/platinumstarqa.com\/wp-content\/uploads\/2022\/10\/8d43c3b5-eafe-497f-8551-4f59a9a388a1-350x144.jpg 350w\" sizes=\"auto, (max-width: 442px) 100vw, 442px\" \/>\t\t\t<\/div>\n\t\t<\/div>\t\t<\/div>\n\t\t\t\t<\/div>\n\t\t\t\t<\/div>\n\t\t<div class=\"elementor-element elementor-element-de6ba6b e-con-full e-con\" data-id=\"de6ba6b\" data-element_type=\"container\" data-settings=\"{&quot;content_width&quot;:&quot;full&quot;}\">\n\t\t\t\t<div class=\"elementor-element elementor-element-af61535 elementor-widget elementor-widget-elementskit-image-hover-effect\" data-id=\"af61535\" data-element_type=\"widget\" data-settings=\"{&quot;ekit_we_effect_on&quot;:&quot;none&quot;}\" data-widget_type=\"elementskit-image-hover-effect.default\">\n\t\t\t\t<div class=\"elementor-widget-container\">\n\t\t\t<div class=\"ekit-wid-con\" >\t\t\t<div class=\"ekit_image_hover\">\n\t\t\t\t<div class=\"ekit_image_hover_filter ekit_image_zoom_in_overlay\">\n\t\t\t\t\t<div class=\"ekit_overlay_inner\"><\/div>\n\t\t\t\t\t\t\t\t\t\t<div class=\"ekit_image_caption ekit_bottom_to_top  elementor-animation-shrink\" >\n\t\t\t\t\t\t<h2 class=\"ekit_image_caption_title   \" data-settings=\"{&quot;_animation&quot;:&quot;&quot;}\">\n\t\t\t\t\t\t\tCarte Rose \u00e0 <span>COACH<\/span>\t\t\t\t\t\t<\/h2>\n\t\t\t\t\t\t<p class=\"ekit_image_caption_description   \" data-settings=\"{&quot;_animation&quot;:&quot;&quot;}\">\n\t\t\t\t\t\t\tJusqu&#039;au samedi 15 octobre 2022 07:50\t\t\t\t\t\t<\/p>\n\t\t\t\t\t\t\t\t\n\t\t\t\t\t<\/div>\t\t\t\n\t\t\t\t<\/div>\n\t\t\t\t<img loading=\"lazy\" decoding=\"async\" width=\"442\" height=\"182\" src=\"https:\/\/platinumstarqa.com\/wp-content\/uploads\/2022\/10\/11e18f4f-eebc-4854-b717-c50521302ef6.jpg\" class=\"attachment-full size-full\" alt=\"\" srcset=\"https:\/\/platinumstarqa.com\/wp-content\/uploads\/2022\/10\/11e18f4f-eebc-4854-b717-c50521302ef6.jpg 442w, https:\/\/platinumstarqa.com\/wp-content\/uploads\/2022\/10\/11e18f4f-eebc-4854-b717-c50521302ef6-300x124.jpg 300w, https:\/\/platinumstarqa.com\/wp-content\/uploads\/2022\/10\/11e18f4f-eebc-4854-b717-c50521302ef6-350x144.jpg 350w\" sizes=\"auto, (max-width: 442px) 100vw, 442px\" \/>\t\t\t<\/div>\n\t\t<\/div>\t\t<\/div>\n\t\t\t\t<\/div>\n\t\t\t\t<\/div>\n\t\t\t\t\t<\/div>\n\t\t\t\t<\/div>\n\t\t\t\t\t<\/div>\n\t\t\t\t<\/div>\n\t\t\t\t\t\t\t<\/div>\n\t\t","protected":false},"excerpt":{"rendered":"<p>Collection of the day Sales that open today. Carte Rose \u00e0 COACH Jusqu&#039;au samedi 15 octobre 2022 07:50 Carte Rose \u00e0 COACH Jusqu&#039;au samedi 15 octobre 2022 07:50 Carte Rose \u00e0 COACH Jusqu&#039;au samedi 15 octobre 2022 07:50 Carte Rose \u00e0 COACH Jusqu&#039;au samedi 15 octobre 2022 07:50 Carte Rose \u00e0 COACH Jusqu&#039;au samedi 15 [&hellip;]<\/p>\n","protected":false},"author":1,"featured_media":0,"parent":0,"menu_order":0,"comment_status":"closed","ping_status":"closed","template":"","meta":{"footnotes":""},"class_list":["post-1235","page","type-page","status-publish","hentry"],"_links":{"self":[{"href":"https:\/\/platinumstarqa.com\/ar\/wp-json\/wp\/v2\/pages\/1235","targetHints":{"allow":["GET"]}}],"collection":[{"href":"https:\/\/platinumstarqa.com\/ar\/wp-json\/wp\/v2\/pages"}],"about":[{"href":"https:\/\/platinumstarqa.com\/ar\/wp-json\/wp\/v2\/types\/page"}],"author":[{"embeddable":true,"href":"https:\/\/platinumstarqa.com\/ar\/wp-json\/wp\/v2\/users\/1"}],"replies":[{"embeddable":true,"href":"https:\/\/platinumstarqa.com\/ar\/wp-json\/wp\/v2\/comments?post=1235"}],"version-history":[{"count":13,"href":"https:\/\/platinumstarqa.com\/ar\/wp-json\/wp\/v2\/pages\/1235\/revisions"}],"predecessor-version":[{"id":1972,"href":"https:\/\/platinumstarqa.com\/ar\/wp-json\/wp\/v2\/pages\/1235\/revisions\/1972"}],"wp:attachment":[{"href":"https:\/\/platinumstarqa.com\/ar\/wp-json\/wp\/v2\/media?parent=1235"}],"curies":[{"name":"wp","href":"https:\/\/api.w.org\/{rel}","templated":true}]}}